{"id":140,"date":"2017-10-11T10:43:58","date_gmt":"2017-10-11T08:43:58","guid":{"rendered":"http:\/\/multidistri.com\/?page_id=140"},"modified":"2024-04-16T13:16:38","modified_gmt":"2024-04-16T11:16:38","slug":"ou-acheter-nos-produits","status":"publish","type":"page","link":"https:\/\/multidistri.com\/index.php\/ou-acheter-nos-produits\/","title":{"rendered":"O\u00f9 acheter nos produits"},"content":{"rendered":"<p>Liste de nos points de vente (cliquez sur les liens en bleu).<\/p>\n<h5><span style=\"text-decoration: underline;\"><strong>Vente directe aux particuliers :<\/strong><br \/><\/span><\/h5>\n<p>Tous les articles du catalogue sont en permanence disponibles en stock.<\/p>\n<p><span style=\"text-decoration: underline;\"><strong>Vente au d\u00e9p\u00f4t :<\/strong><\/span> vous \u00eates en vacances ou de passage dans les Vosges ? Alors, venez nous voir ! Accueil sur rendez-vous, du lundi au samedi. Pour voir tous nos produits, avoir du choix et b\u00e9n\u00e9ficier des meilleurs prix.<\/p>\n<ul>\n<li><a href=\"http:\/\/multidistri.com\/wp-content\/uploads\/2024\/04\/BDC-2024-Enlevement-sur-place-v1.pdf\" target=\"_blank\" rel=\"noopener noreferrer\"><strong><span style=\"text-decoration: underline; color: #0000ff;\">Tarif 2024 de vente avec enl\u00e8vement sur place<\/span><\/strong><\/a><\/li>\n<\/ul>\n<p><span style=\"text-decoration: underline;\"><strong>Vente \u00e0 distance :<\/strong><\/span> vous pouvez nous passer commande avec le catalogue de vente par correspondance, \u00e0 t\u00e9l\u00e9charger sur le site. Pour avoir du choix et b\u00e9n\u00e9ficier d&rsquo;un excellent tarif.<\/p>\n<ul>\n<li><a href=\"http:\/\/multidistri.com\/wp-content\/uploads\/2024\/04\/Catalogue-VPC-2024-Livraison-en-France-v1.pdf\" target=\"_blank\" rel=\"noopener noreferrer\"><span style=\"color: #3366ff;\"><strong><span style=\"text-decoration: underline;\"><span style=\"color: #0000ff; text-decoration: underline;\">Catalogue 2024 de vente par correspondance<\/span><\/span><\/strong><\/span><\/a><\/li>\n<li><a href=\"http:\/\/multidistri.com\/wp-content\/uploads\/2024\/04\/BDC-VPC-2024-Livraison-en-France-v1.pdf\" target=\"_blank\" rel=\"noopener noreferrer\"><span style=\"color: #0000ff;\"><strong><span style=\"text-decoration: underline;\">Tarif 2024 de vente par correspondance<\/span><\/strong><\/span><\/a><\/li>\n<\/ul>\n<h5><span style=\"text-decoration: underline;\"><strong>Vente en ligne :<\/strong><br \/><\/span><\/h5>\n<p>Nous ne vendons pas directement nos produits en ligne (en projet).<strong><br \/><\/strong><\/p>\n<p>\u00a0<\/p>\n\n\n<p><\/p>\n","protected":false},"excerpt":{"rendered":"<p>Liste de nos points de vente (cliquez sur les liens en bleu). Vente directe aux particuliers : Tous les articles du catalogue sont en permanence disponibles en stock. Vente au&hellip; <\/p>\n","protected":false},"author":1,"featured_media":0,"parent":0,"menu_order":0,"comment_status":"closed","ping_status":"closed","template":"","meta":[],"_links":{"self":[{"href":"https:\/\/multidistri.com\/index.php\/wp-json\/wp\/v2\/pages\/140"}],"collection":[{"href":"https:\/\/multidistri.com\/index.php\/wp-json\/wp\/v2\/pages"}],"about":[{"href":"https:\/\/multidistri.com\/index.php\/wp-json\/wp\/v2\/types\/page"}],"author":[{"embeddable":true,"href":"https:\/\/multidistri.com\/index.php\/wp-json\/wp\/v2\/users\/1"}],"replies":[{"embeddable":true,"href":"https:\/\/multidistri.com\/index.php\/wp-json\/wp\/v2\/comments?post=140"}],"version-history":[{"count":20,"href":"https:\/\/multidistri.com\/index.php\/wp-json\/wp\/v2\/pages\/140\/revisions"}],"predecessor-version":[{"id":459,"href":"https:\/\/multidistri.com\/index.php\/wp-json\/wp\/v2\/pages\/140\/revisions\/459"}],"wp:attachment":[{"href":"https:\/\/multidistri.com\/index.php\/wp-json\/wp\/v2\/media?parent=140"}],"curies":[{"name":"wp","href":"https:\/\/api.w.org\/{rel}","templated":true}]}}